{"id":554,"date":"2025-07-14T09:39:43","date_gmt":"2025-07-14T09:39:43","guid":{"rendered":"https:\/\/lastresh.es\/?page_id=554"},"modified":"2026-02-19T11:24:05","modified_gmt":"2026-02-19T11:24:05","slug":"politica-cookies","status":"publish","type":"page","link":"https:\/\/lastresh.es\/?page_id=554","title":{"rendered":"Pol\u00edtica de uso de Cookies"},"content":{"rendered":"\t\t<div data-elementor-type=\"wp-page\" data-elementor-id=\"554\" class=\"elementor elementor-554\">\n\t\t\t\t<div class=\"elementor-element elementor-element-4f23fbb e-flex e-con-boxed e-con e-parent\" data-id=\"4f23fbb\" data-element_type=\"container\" data-e-type=\"container\" data-settings=\"{&quot;background_background&quot;:&quot;classic&quot;}\">\n\t\t\t\t\t<div class=\"e-con-inner\">\n\t\t\t\t<div class=\"elementor-element elementor-element-273fae4 elementor-widget elementor-widget-uael-infobox\" data-id=\"273fae4\" data-element_type=\"widget\" data-e-type=\"widget\" data-widget_type=\"uael-infobox.default\">\n\t\t\t\t<div class=\"elementor-widget-container\">\n\t\t\t\t\t\n<div class=\"uael-module-content uael-infobox uael-imgicon-style-normal  infobox-has-icon uael-infobox-icon-above-title  uael-infobox-link-type-none\">\n\t<div class=\"uael-infobox-left-right-wrap\">\n\t\t\t\t\t\t<div class=\"uael-infobox-content\">\n\t\t\t\t\t\t\t<div class=\"uael-module-content uael-imgicon-wrap \">\t\t\t\t\t\t\t\t\t\t\t\n\t\t\t\t\t\t\t\t\t\t\t\t\t\t<\/div>\n\t\t\t\t\t\t\t<div class='uael-infobox-title-wrap'><h1 class=\"uael-infobox-title elementor-inline-editing\" data-elementor-setting-key=\"infobox_title\" data-elementor-inline-editing-toolbar=\"basic\" >POL\u00cdTICAS DE USO DE COOKIES<\/h1><\/div>\t\t\t\t\t\t\t\t\t<div class=\"uael-infobox-text-wrap\">\n\t\t\t\t<div class=\"uael-infobox-text elementor-inline-editing\" data-elementor-setting-key=\"infobox_description\" data-elementor-inline-editing-toolbar=\"advanced\">\n\t\t\t\t\t\nProtegiendo tu informaci\u00f3n\n\t\t\t\t<\/div>\n\t\t\t\t\t\n\t\t\t\t\t\t\t<\/div>\n\t\t<\/div>\n\t\t\t<\/div>\n<\/div>\n\t\t\t\t<\/div>\n\t\t\t\t<\/div>\n\t\t\t\t\t<\/div>\n\t\t\t\t<\/div>\n\t\t<div class=\"elementor-element elementor-element-cc7a4e3 e-flex e-con-boxed e-con e-parent\" data-id=\"cc7a4e3\" data-element_type=\"container\" data-e-type=\"container\">\n\t\t\t\t\t<div class=\"e-con-inner\">\n\t\t\t\t<div class=\"elementor-element elementor-element-7e0fe7e elementor-widget elementor-widget-heading\" data-id=\"7e0fe7e\" data-element_type=\"widget\" data-e-type=\"widget\" data-widget_type=\"heading.default\">\n\t\t\t\t\t<h2 class=\"elementor-heading-title elementor-size-default\">Pol\u00edticas de uso de Cookies <\/h2>\t\t\t\t<\/div>\n\t\t\t\t<div class=\"elementor-element elementor-element-cda60da elementor-widget elementor-widget-text-editor\" data-id=\"cda60da\" data-element_type=\"widget\" data-e-type=\"widget\" data-widget_type=\"text-editor.default\">\n\t\t\t\t\t\t\t\t\t<div class=\"elementor-element elementor-element-fa03ced elementor-widget elementor-widget-text-editor\" data-id=\"fa03ced\" data-element_type=\"widget\" data-e-type=\"widget\" data-widget_type=\"text-editor.default\"><div class=\"elementor-element elementor-element-885a1d3 elementor-widget elementor-widget-text-editor\" data-id=\"885a1d3\" data-element_type=\"widget\" data-e-type=\"widget\" data-widget_type=\"text-editor.default\"><div class=\"elementor-element elementor-element-c68fca8 elementor-widget elementor-widget-text-editor\" data-id=\"c68fca8\" data-element_type=\"widget\" data-widget_type=\"text-editor.default\"><div class=\"elementor-widget-container\"><p>En cumplimiento con lo dispuesto en el art\u00edculo 22.2 de la Ley 34\/2002, de 11 de julio, de Servicios de la Sociedad de la Informaci\u00f3n y de Comercio Electr\u00f3nico, el Titular te informa que este sitio Web utiliza cookies, as\u00ed como sobre su pol\u00edtica de recogida y el tratamiento que hace de las mismas.<\/p><p>\u00bfQu\u00e9 son las cookies?<\/p><p>Una cookie es un fichero que se descarga en tu ordenador al entrar a determinadas p\u00e1ginas web. Las cookies permiten a una p\u00e1gina web, entre otras cosas, almacenar y recuperar informaci\u00f3n sobre tus h\u00e1bitos de navegaci\u00f3n y \u2014dependiendo de la informaci\u00f3n que contengan y de la forma en que utilices tu equipo\u2014 pueden utilizarse para identificarte.<\/p><p>Tipos de cookies utilizadas<\/p><p>El sitio Web <strong>Las Tres H<\/strong><strong>, S.C.A. <\/strong>utiliza los siguientes tipos de cookies:<\/p><p>Cookies de an\u00e1lisis:\u00a0Son aquellas que, bien tratadas por el sitio Web o por terceros, permiten cuantificar el n\u00famero de usuarios y as\u00ed realizar la medici\u00f3n y an\u00e1lisis estad\u00edstico de la utilizaci\u00f3n que hacen los usuarios del sitio Web. Para ello se analiza la navegaci\u00f3n que realizas en este sitio Web con el fin de mejorarlo.<\/p><p>Cookies t\u00e9cnicas:\u00a0Son aquellas tratadas por el sitio Web que permiten a los usuarios registrados navegar a trav\u00e9s del \u00e1rea restringida y a utilizar sus diferentes funciones, como por ejemplo, llevar a cabo el proceso de compra de un Producto o Servicio.<br \/>Algunas cookies son esenciales para el funcionamiento del sitio Web, por ejemplo, el sistema de comentarios o el buscador.<\/p><p>Cookies de personalizaci\u00f3n:\u00a0Son aquellas que permiten a los usuarios acceder al Servicio con algunas caracter\u00edsticas de car\u00e1cter general predefinidas en funci\u00f3n de una serie de criterios establecidos por el usuario como, por ejemplo, el idioma o el tipo de navegador a trav\u00e9s del cual se conecta a este sitio Web.<\/p><p>Desactivar las cookies<\/p><p>Puedes aceptar, bloquear o eliminar las cookies instaladas en tu equipo mediante la configuraci\u00f3n de las opciones del navegador.<\/p><p>En los siguientes enlaces encontrar\u00e1s instrucciones para habilitar o deshabilitar las cookies en los navegadores m\u00e1s comunes.<\/p><p>Firefox\u00a0http:\/\/support.mozilla.org\/es\/kb\/habilitar-y-deshabilitar-cookies-que-los-sitios-we<br \/>Safari\u00a0http:\/\/support.apple.com\/kb\/HT1677?viewlocale=es_ES<br \/>Google Chrome\u00a0https:\/\/support.google.com\/chrome\/answer\/95647?hl=es<\/p><p>Cookies de terceros<\/p><p>El sitio Web utiliza los servicios de Google Adsense y de Google Analytics que pueden instalar cookies que sirven para obtener estad\u00edsticas y datos publicitarios.<\/p><p>Advertencia sobre eliminar cookies<\/p><p>Puedes eliminar y bloquear las cookies de este sitio Web, pero parte del sitio no funcionar\u00e1 correctamente o su calidad puede verse afectada.<\/p><p>Contacto<\/p><p>En caso de que tengas cualquier duda acerca de esta Pol\u00edtica de Cookies o quieras realizar cualquier comentario sobre este sitio Web, puedes enviar un mensaje de correo electr\u00f3nico a la direcci\u00f3n <strong>perezmaldonadomanoli17@gmail.com<\/strong><strong>.<\/strong><\/p><\/div><\/div><\/div><\/div>\t\t\t\t\t\t\t\t<\/div>\n\t\t\t\t\t<\/div>\n\t\t\t\t<\/div>\n\t\t\t\t<\/div>\n\t\t","protected":false},"excerpt":{"rendered":"<p>POL\u00cdTICAS DE USO DE COOKIES Protegiendo tu informaci\u00f3n Pol\u00edticas de uso de Cookies En cumplimiento con lo dispuesto en el [&hellip;]<\/p>\n","protected":false},"author":1,"featured_media":0,"parent":0,"menu_order":0,"comment_status":"closed","ping_status":"closed","template":"","meta":{"site-sidebar-layout":"no-sidebar","site-content-layout":"","ast-site-content-layout":"full-width-container","site-content-style":"unboxed","site-sidebar-style":"unboxed","ast-global-header-display":"","ast-banner-title-visibility":"","ast-main-header-display":"","ast-hfb-above-header-display":"","ast-hfb-below-header-display":"","ast-hfb-mobile-header-display":"","site-post-title":"disabled","ast-breadcrumbs-content":"","ast-featured-img":"disabled","footer-sml-layout":"","ast-disable-related-posts":"","theme-transparent-header-meta":"enabled","adv-header-id-meta":"","stick-header-meta":"","header-above-stick-meta":"","header-main-stick-meta":"","header-below-stick-meta":"","astra-migrate-meta-layouts":"default","ast-page-background-enabled":"default","ast-page-background-meta":{"desktop":{"background-color":"var(--ast-global-color-5)","background-image":"","background-repeat":"repeat","background-position":"center center","background-size":"auto","background-attachment":"scroll","background-type":"","background-media":"","overlay-type":"","overlay-color":"","overlay-opacity":"","overlay-gradient":""},"tablet":{"background-color":"","background-image":"","background-repeat":"repeat","background-position":"center center","background-size":"auto","background-attachment":"scroll","background-type":"","background-media":"","overlay-type":"","overlay-color":"","overlay-opacity":"","overlay-gradient":""},"mobile":{"background-color":"","background-image":"","background-repeat":"repeat","background-position":"center center","background-size":"auto","background-attachment":"scroll","background-type":"","background-media":"","overlay-type":"","overlay-color":"","overlay-opacity":"","overlay-gradient":""}},"ast-content-background-meta":{"desktop":{"background-color":"var(--ast-global-color-4)","background-image":"","background-repeat":"repeat","background-position":"center center","background-size":"auto","background-attachment":"scroll","background-type":"","background-media":"","overlay-type":"","overlay-color":"","overlay-opacity":"","overlay-gradient":""},"tablet":{"background-color":"var(--ast-global-color-4)","background-image":"","background-repeat":"repeat","background-position":"center center","background-size":"auto","background-attachment":"scroll","background-type":"","background-media":"","overlay-type":"","overlay-color":"","overlay-opacity":"","overlay-gradient":""},"mobile":{"background-color":"var(--ast-global-color-4)","background-image":"","background-repeat":"repeat","background-position":"center center","background-size":"auto","background-attachment":"scroll","background-type":"","background-media":"","overlay-type":"","overlay-color":"","overlay-opacity":"","overlay-gradient":""}},"footnotes":""},"class_list":["post-554","page","type-page","status-publish","hentry"],"yoast_head":"<!-- This site is optimized with the Yoast SEO plugin v26.9 - https:\/\/yoast.com\/product\/yoast-seo-wordpress\/ -->\n<title>Pol\u00edtica de uso de Cookies | Las Tres H<\/title>\n<meta name=\"description\" content=\"Protegiendo tu informaci\u00f3n\" \/>\n<meta name=\"robots\" content=\"index, follow, max-snippet:-1, max-image-preview:large, max-video-preview:-1\" \/>\n<link rel=\"canonical\" href=\"https:\/\/lastresh.es\/?page_id=554\" \/>\n<meta property=\"og:locale\" content=\"es_ES\" \/>\n<meta property=\"og:type\" content=\"article\" \/>\n<meta property=\"og:title\" content=\"Pol\u00edtica de uso de Cookies | Las Tres H\" \/>\n<meta property=\"og:description\" content=\"Protegiendo tu informaci\u00f3n\" \/>\n<meta property=\"og:url\" content=\"https:\/\/lastresh.es\/?page_id=554\" \/>\n<meta property=\"og:site_name\" content=\"Las Tres H\" \/>\n<meta property=\"article:modified_time\" content=\"2026-02-19T11:24:05+00:00\" \/>\n<meta name=\"twitter:card\" content=\"summary_large_image\" \/>\n<meta name=\"twitter:label1\" content=\"Tiempo de lectura\" \/>\n\t<meta name=\"twitter:data1\" content=\"6 minutos\" \/>\n<script type=\"application\/ld+json\" class=\"yoast-schema-graph\">{\"@context\":\"https:\/\/schema.org\",\"@graph\":[{\"@type\":\"WebPage\",\"@id\":\"https:\/\/lastresh.es\/?page_id=554\",\"url\":\"https:\/\/lastresh.es\/?page_id=554\",\"name\":\"Pol\u00edtica de uso de Cookies | Las Tres H\",\"isPartOf\":{\"@id\":\"https:\/\/lastresh.es\/#website\"},\"datePublished\":\"2025-07-14T09:39:43+00:00\",\"dateModified\":\"2026-02-19T11:24:05+00:00\",\"description\":\"Protegiendo tu informaci\u00f3n\",\"breadcrumb\":{\"@id\":\"https:\/\/lastresh.es\/?page_id=554#breadcrumb\"},\"inLanguage\":\"es\",\"potentialAction\":[{\"@type\":\"ReadAction\",\"target\":[\"https:\/\/lastresh.es\/?page_id=554\"]}]},{\"@type\":\"BreadcrumbList\",\"@id\":\"https:\/\/lastresh.es\/?page_id=554#breadcrumb\",\"itemListElement\":[{\"@type\":\"ListItem\",\"position\":1,\"name\":\"Home\",\"item\":\"https:\/\/lastresh.es\/\"},{\"@type\":\"ListItem\",\"position\":2,\"name\":\"Pol\u00edtica de uso de Cookies\"}]},{\"@type\":\"WebSite\",\"@id\":\"https:\/\/lastresh.es\/#website\",\"url\":\"https:\/\/lastresh.es\/\",\"name\":\"Las Tres H\",\"description\":\"\",\"publisher\":{\"@id\":\"https:\/\/lastresh.es\/#organization\"},\"potentialAction\":[{\"@type\":\"SearchAction\",\"target\":{\"@type\":\"EntryPoint\",\"urlTemplate\":\"https:\/\/lastresh.es\/?s={search_term_string}\"},\"query-input\":{\"@type\":\"PropertyValueSpecification\",\"valueRequired\":true,\"valueName\":\"search_term_string\"}}],\"inLanguage\":\"es\"},{\"@type\":\"Organization\",\"@id\":\"https:\/\/lastresh.es\/#organization\",\"name\":\"Las Tres H\",\"url\":\"https:\/\/lastresh.es\/\",\"logo\":{\"@type\":\"ImageObject\",\"inLanguage\":\"es\",\"@id\":\"https:\/\/lastresh.es\/#\/schema\/logo\/image\/\",\"url\":\"https:\/\/lastresh.es\/wp-content\/uploads\/2026\/02\/cropped-Gemini_Generated_Image_gnbtr1gnbtr1gnbt-Photoroom.png\",\"contentUrl\":\"https:\/\/lastresh.es\/wp-content\/uploads\/2026\/02\/cropped-Gemini_Generated_Image_gnbtr1gnbtr1gnbt-Photoroom.png\",\"width\":1024,\"height\":341,\"caption\":\"Las Tres H\"},\"image\":{\"@id\":\"https:\/\/lastresh.es\/#\/schema\/logo\/image\/\"}}]}<\/script>\n<!-- \/ Yoast SEO plugin. -->","yoast_head_json":{"title":"Pol\u00edtica de uso de Cookies | Las Tres H","description":"Protegiendo tu informaci\u00f3n","robots":{"index":"index","follow":"follow","max-snippet":"max-snippet:-1","max-image-preview":"max-image-preview:large","max-video-preview":"max-video-preview:-1"},"canonical":"https:\/\/lastresh.es\/?page_id=554","og_locale":"es_ES","og_type":"article","og_title":"Pol\u00edtica de uso de Cookies | Las Tres H","og_description":"Protegiendo tu informaci\u00f3n","og_url":"https:\/\/lastresh.es\/?page_id=554","og_site_name":"Las Tres H","article_modified_time":"2026-02-19T11:24:05+00:00","twitter_card":"summary_large_image","twitter_misc":{"Tiempo de lectura":"6 minutos"},"schema":{"@context":"https:\/\/schema.org","@graph":[{"@type":"WebPage","@id":"https:\/\/lastresh.es\/?page_id=554","url":"https:\/\/lastresh.es\/?page_id=554","name":"Pol\u00edtica de uso de Cookies | Las Tres H","isPartOf":{"@id":"https:\/\/lastresh.es\/#website"},"datePublished":"2025-07-14T09:39:43+00:00","dateModified":"2026-02-19T11:24:05+00:00","description":"Protegiendo tu informaci\u00f3n","breadcrumb":{"@id":"https:\/\/lastresh.es\/?page_id=554#breadcrumb"},"inLanguage":"es","potentialAction":[{"@type":"ReadAction","target":["https:\/\/lastresh.es\/?page_id=554"]}]},{"@type":"BreadcrumbList","@id":"https:\/\/lastresh.es\/?page_id=554#breadcrumb","itemListElement":[{"@type":"ListItem","position":1,"name":"Home","item":"https:\/\/lastresh.es\/"},{"@type":"ListItem","position":2,"name":"Pol\u00edtica de uso de Cookies"}]},{"@type":"WebSite","@id":"https:\/\/lastresh.es\/#website","url":"https:\/\/lastresh.es\/","name":"Las Tres H","description":"","publisher":{"@id":"https:\/\/lastresh.es\/#organization"},"potentialAction":[{"@type":"SearchAction","target":{"@type":"EntryPoint","urlTemplate":"https:\/\/lastresh.es\/?s={search_term_string}"},"query-input":{"@type":"PropertyValueSpecification","valueRequired":true,"valueName":"search_term_string"}}],"inLanguage":"es"},{"@type":"Organization","@id":"https:\/\/lastresh.es\/#organization","name":"Las Tres H","url":"https:\/\/lastresh.es\/","logo":{"@type":"ImageObject","inLanguage":"es","@id":"https:\/\/lastresh.es\/#\/schema\/logo\/image\/","url":"https:\/\/lastresh.es\/wp-content\/uploads\/2026\/02\/cropped-Gemini_Generated_Image_gnbtr1gnbtr1gnbt-Photoroom.png","contentUrl":"https:\/\/lastresh.es\/wp-content\/uploads\/2026\/02\/cropped-Gemini_Generated_Image_gnbtr1gnbtr1gnbt-Photoroom.png","width":1024,"height":341,"caption":"Las Tres H"},"image":{"@id":"https:\/\/lastresh.es\/#\/schema\/logo\/image\/"}}]}},"_links":{"self":[{"href":"https:\/\/lastresh.es\/index.php?rest_route=\/wp\/v2\/pages\/554","targetHints":{"allow":["GET"]}}],"collection":[{"href":"https:\/\/lastresh.es\/index.php?rest_route=\/wp\/v2\/pages"}],"about":[{"href":"https:\/\/lastresh.es\/index.php?rest_route=\/wp\/v2\/types\/page"}],"author":[{"embeddable":true,"href":"https:\/\/lastresh.es\/index.php?rest_route=\/wp\/v2\/users\/1"}],"replies":[{"embeddable":true,"href":"https:\/\/lastresh.es\/index.php?rest_route=%2Fwp%2Fv2%2Fcomments&post=554"}],"version-history":[{"count":20,"href":"https:\/\/lastresh.es\/index.php?rest_route=\/wp\/v2\/pages\/554\/revisions"}],"predecessor-version":[{"id":1443,"href":"https:\/\/lastresh.es\/index.php?rest_route=\/wp\/v2\/pages\/554\/revisions\/1443"}],"wp:attachment":[{"href":"https:\/\/lastresh.es\/index.php?rest_route=%2Fwp%2Fv2%2Fmedia&parent=554"}],"curies":[{"name":"wp","href":"https:\/\/api.w.org\/{rel}","templated":true}]}}